{"id":6,"date":"2026-05-12T21:17:51","date_gmt":"2026-05-12T21:17:51","guid":{"rendered":"https:\/\/arturoadelaide.com.mx\/?page_id=6"},"modified":"2026-05-12T21:27:55","modified_gmt":"2026-05-12T21:27:55","slug":"inicio","status":"publish","type":"page","link":"https:\/\/arturoadelaide.com.mx\/","title":{"rendered":"Inicio"},"content":{"rendered":"\n<p>\u00a1Te damos la bienvenida a tu sitio! Esta es tu p\u00e1gina de inicio, que es la que la mayor\u00eda de visitantes ver\u00e1n cuando vengan a tu sitio por primera vez.<\/p>\n\n\n\n<figure class=\"wp-block-image size-large\"><img loading=\"lazy\" decoding=\"async\" width=\"1024\" height=\"768\" src=\"https:\/\/arturoadelaide.com.mx\/wp-content\/uploads\/2026\/05\/WhatsApp-Image-2026-05-12-at-13.17.11-1024x768.jpeg\" alt=\"\" class=\"wp-image-39\" srcset=\"https:\/\/arturoadelaide.com.mx\/wp-content\/uploads\/2026\/05\/WhatsApp-Image-2026-05-12-at-13.17.11-1024x768.jpeg 1024w, https:\/\/arturoadelaide.com.mx\/wp-content\/uploads\/2026\/05\/WhatsApp-Image-2026-05-12-at-13.17.11-300x225.jpeg 300w, https:\/\/arturoadelaide.com.mx\/wp-content\/uploads\/2026\/05\/WhatsApp-Image-2026-05-12-at-13.17.11-768x576.jpeg 768w, https:\/\/arturoadelaide.com.mx\/wp-content\/uploads\/2026\/05\/WhatsApp-Image-2026-05-12-at-13.17.11.jpeg 1280w\" sizes=\"auto, (max-width: 1024px) 100vw, 1024px\" \/><\/figure>\n","protected":false},"excerpt":{"rendered":"<p>\u00a1Te damos la bienvenida a tu sitio! Esta es tu p\u00e1gina de inicio, que es la que la mayor\u00eda de visitantes ver\u00e1n cuando vengan a tu sitio por primera vez.<\/p>\n","protected":false},"author":1,"featured_media":0,"parent":0,"menu_order":0,"comment_status":"closed","ping_status":"closed","template":"","meta":{"footnotes":""},"class_list":["post-6","page","type-page","status-publish","hentry"],"yoast_head":"<!-- This site is optimized with the Yoast SEO plugin v27.6 - https:\/\/yoast.com\/product\/yoast-seo-wordpress\/ -->\n<title>Inicio - My Store<\/title>\n<meta name=\"robots\" content=\"index, follow, max-snippet:-1, max-image-preview:large, max-video-preview:-1\" \/>\n<link rel=\"canonical\" href=\"https:\/\/arturoadelaide.com.mx\/\" \/>\n<meta property=\"og:locale\" content=\"es_ES\" \/>\n<meta property=\"og:type\" content=\"article\" \/>\n<meta property=\"og:title\" content=\"Inicio - My Store\" \/>\n<meta property=\"og:description\" content=\"\u00a1Te damos la bienvenida a tu sitio! Esta es tu p\u00e1gina de inicio, que es la que la mayor\u00eda de visitantes ver\u00e1n cuando vengan a tu sitio por primera vez.\" \/>\n<meta property=\"og:url\" content=\"https:\/\/arturoadelaide.com.mx\/\" \/>\n<meta property=\"og:site_name\" content=\"My Store\" \/>\n<meta property=\"article:modified_time\" content=\"2026-05-12T21:27:55+00:00\" \/>\n<meta property=\"og:image\" content=\"https:\/\/arturoadelaide.com.mx\/wp-content\/uploads\/2026\/05\/WhatsApp-Image-2026-05-12-at-13.17.11.jpeg\" \/>\n\t<meta property=\"og:image:width\" content=\"1280\" \/>\n\t<meta property=\"og:image:height\" content=\"960\" \/>\n\t<meta property=\"og:image:type\" content=\"image\/jpeg\" \/>\n<meta name=\"twitter:card\" content=\"summary_large_image\" \/>\n<meta name=\"twitter:label1\" content=\"Tiempo de lectura\" \/>\n\t<meta name=\"twitter:data1\" content=\"1 minuto\" \/>\n<script type=\"application\/ld+json\" class=\"yoast-schema-graph\">{\"@context\":\"https:\\\/\\\/schema.org\",\"@graph\":[{\"@type\":\"WebPage\",\"@id\":\"https:\\\/\\\/arturoadelaide.com.mx\\\/\",\"url\":\"https:\\\/\\\/arturoadelaide.com.mx\\\/\",\"name\":\"Inicio - My Store\",\"isPartOf\":{\"@id\":\"https:\\\/\\\/arturoadelaide.com.mx\\\/#website\"},\"primaryImageOfPage\":{\"@id\":\"https:\\\/\\\/arturoadelaide.com.mx\\\/#primaryimage\"},\"image\":{\"@id\":\"https:\\\/\\\/arturoadelaide.com.mx\\\/#primaryimage\"},\"thumbnailUrl\":\"https:\\\/\\\/arturoadelaide.com.mx\\\/wp-content\\\/uploads\\\/2026\\\/05\\\/WhatsApp-Image-2026-05-12-at-13.17.11-1024x768.jpeg\",\"datePublished\":\"2026-05-12T21:17:51+00:00\",\"dateModified\":\"2026-05-12T21:27:55+00:00\",\"breadcrumb\":{\"@id\":\"https:\\\/\\\/arturoadelaide.com.mx\\\/#breadcrumb\"},\"inLanguage\":\"es\",\"potentialAction\":[{\"@type\":\"ReadAction\",\"target\":[\"https:\\\/\\\/arturoadelaide.com.mx\\\/\"]}]},{\"@type\":\"ImageObject\",\"inLanguage\":\"es\",\"@id\":\"https:\\\/\\\/arturoadelaide.com.mx\\\/#primaryimage\",\"url\":\"https:\\\/\\\/arturoadelaide.com.mx\\\/wp-content\\\/uploads\\\/2026\\\/05\\\/WhatsApp-Image-2026-05-12-at-13.17.11.jpeg\",\"contentUrl\":\"https:\\\/\\\/arturoadelaide.com.mx\\\/wp-content\\\/uploads\\\/2026\\\/05\\\/WhatsApp-Image-2026-05-12-at-13.17.11.jpeg\",\"width\":1280,\"height\":960},{\"@type\":\"BreadcrumbList\",\"@id\":\"https:\\\/\\\/arturoadelaide.com.mx\\\/#breadcrumb\",\"itemListElement\":[{\"@type\":\"ListItem\",\"position\":1,\"name\":\"Portada\",\"item\":\"https:\\\/\\\/arturoadelaide.com.mx\\\/\"},{\"@type\":\"ListItem\",\"position\":2,\"name\":\"Inicio\"}]},{\"@type\":\"WebSite\",\"@id\":\"https:\\\/\\\/arturoadelaide.com.mx\\\/#website\",\"url\":\"https:\\\/\\\/arturoadelaide.com.mx\\\/\",\"name\":\"My Store\",\"description\":\"Otra web incre\u00edble con el tema Phlox.\",\"potentialAction\":[{\"@type\":\"SearchAction\",\"target\":{\"@type\":\"EntryPoint\",\"urlTemplate\":\"https:\\\/\\\/arturoadelaide.com.mx\\\/?s={search_term_string}\"},\"query-input\":{\"@type\":\"PropertyValueSpecification\",\"valueRequired\":true,\"valueName\":\"search_term_string\"}}],\"inLanguage\":\"es\"}]}<\/script>\n<!-- \/ Yoast SEO plugin. -->","yoast_head_json":{"title":"Inicio - My Store","robots":{"index":"index","follow":"follow","max-snippet":"max-snippet:-1","max-image-preview":"max-image-preview:large","max-video-preview":"max-video-preview:-1"},"canonical":"https:\/\/arturoadelaide.com.mx\/","og_locale":"es_ES","og_type":"article","og_title":"Inicio - My Store","og_description":"\u00a1Te damos la bienvenida a tu sitio! Esta es tu p\u00e1gina de inicio, que es la que la mayor\u00eda de visitantes ver\u00e1n cuando vengan a tu sitio por primera vez.","og_url":"https:\/\/arturoadelaide.com.mx\/","og_site_name":"My Store","article_modified_time":"2026-05-12T21:27:55+00:00","og_image":[{"width":1280,"height":960,"url":"https:\/\/arturoadelaide.com.mx\/wp-content\/uploads\/2026\/05\/WhatsApp-Image-2026-05-12-at-13.17.11.jpeg","type":"image\/jpeg"}],"twitter_card":"summary_large_image","twitter_misc":{"Tiempo de lectura":"1 minuto"},"schema":{"@context":"https:\/\/schema.org","@graph":[{"@type":"WebPage","@id":"https:\/\/arturoadelaide.com.mx\/","url":"https:\/\/arturoadelaide.com.mx\/","name":"Inicio - My Store","isPartOf":{"@id":"https:\/\/arturoadelaide.com.mx\/#website"},"primaryImageOfPage":{"@id":"https:\/\/arturoadelaide.com.mx\/#primaryimage"},"image":{"@id":"https:\/\/arturoadelaide.com.mx\/#primaryimage"},"thumbnailUrl":"https:\/\/arturoadelaide.com.mx\/wp-content\/uploads\/2026\/05\/WhatsApp-Image-2026-05-12-at-13.17.11-1024x768.jpeg","datePublished":"2026-05-12T21:17:51+00:00","dateModified":"2026-05-12T21:27:55+00:00","breadcrumb":{"@id":"https:\/\/arturoadelaide.com.mx\/#breadcrumb"},"inLanguage":"es","potentialAction":[{"@type":"ReadAction","target":["https:\/\/arturoadelaide.com.mx\/"]}]},{"@type":"ImageObject","inLanguage":"es","@id":"https:\/\/arturoadelaide.com.mx\/#primaryimage","url":"https:\/\/arturoadelaide.com.mx\/wp-content\/uploads\/2026\/05\/WhatsApp-Image-2026-05-12-at-13.17.11.jpeg","contentUrl":"https:\/\/arturoadelaide.com.mx\/wp-content\/uploads\/2026\/05\/WhatsApp-Image-2026-05-12-at-13.17.11.jpeg","width":1280,"height":960},{"@type":"BreadcrumbList","@id":"https:\/\/arturoadelaide.com.mx\/#breadcrumb","itemListElement":[{"@type":"ListItem","position":1,"name":"Portada","item":"https:\/\/arturoadelaide.com.mx\/"},{"@type":"ListItem","position":2,"name":"Inicio"}]},{"@type":"WebSite","@id":"https:\/\/arturoadelaide.com.mx\/#website","url":"https:\/\/arturoadelaide.com.mx\/","name":"My Store","description":"Otra web incre\u00edble con el tema Phlox.","potentialAction":[{"@type":"SearchAction","target":{"@type":"EntryPoint","urlTemplate":"https:\/\/arturoadelaide.com.mx\/?s={search_term_string}"},"query-input":{"@type":"PropertyValueSpecification","valueRequired":true,"valueName":"search_term_string"}}],"inLanguage":"es"}]}},"_links":{"self":[{"href":"https:\/\/arturoadelaide.com.mx\/index.php?rest_route=\/wp\/v2\/pages\/6","targetHints":{"allow":["GET"]}}],"collection":[{"href":"https:\/\/arturoadelaide.com.mx\/index.php?rest_route=\/wp\/v2\/pages"}],"about":[{"href":"https:\/\/arturoadelaide.com.mx\/index.php?rest_route=\/wp\/v2\/types\/page"}],"author":[{"embeddable":true,"href":"https:\/\/arturoadelaide.com.mx\/index.php?rest_route=\/wp\/v2\/users\/1"}],"replies":[{"embeddable":true,"href":"https:\/\/arturoadelaide.com.mx\/index.php?rest_route=%2Fwp%2Fv2%2Fcomments&post=6"}],"version-history":[{"count":2,"href":"https:\/\/arturoadelaide.com.mx\/index.php?rest_route=\/wp\/v2\/pages\/6\/revisions"}],"predecessor-version":[{"id":40,"href":"https:\/\/arturoadelaide.com.mx\/index.php?rest_route=\/wp\/v2\/pages\/6\/revisions\/40"}],"wp:attachment":[{"href":"https:\/\/arturoadelaide.com.mx\/index.php?rest_route=%2Fwp%2Fv2%2Fmedia&parent=6"}],"curies":[{"name":"wp","href":"https:\/\/api.w.org\/{rel}","templated":true}]}}